{"id":23,"date":"2023-10-02T01:52:44","date_gmt":"2023-10-02T01:52:44","guid":{"rendered":"https:\/\/themeholy.com\/wordpress\/poolax\/?page_id=23"},"modified":"2024-10-18T23:07:40","modified_gmt":"2024-10-18T23:07:40","slug":"uber-uns","status":"publish","type":"page","link":"https:\/\/amra-gebaudereinigung.de\/?page_id=23","title":{"rendered":"\u00dcBER UNS"},"content":{"rendered":"\t\t<div data-elementor-type=\"wp-page\" data-elementor-id=\"23\" class=\"elementor elementor-23\">\n\t\t\t\t<div class=\"elementor-element elementor-element-069faaf e-flex e-con-boxed e-con e-parent\" data-id=\"069faaf\" data-element_type=\"container\">\n\t\t\t\t\t<div class=\"e-con-inner\">\n\t\t\r\n\t\t<div class=\"elementor-element elementor-element-f626244 elementor-widget elementor-widget-poolaxshapeimage\" data-id=\"f626244\" data-element_type=\"widget\" data-widget_type=\"poolaxshapeimage.default\">\n\t\t\t\t<div class=\"elementor-widget-container\">\n\t\t\t\t\t<!-- Image --><div class=\"shape-mockup   \" data-top=\"-15%\" data-left=\"-3%\"><img decoding=\"async\" src=\"https:\/\/themeholy.com\/wordpress\/poolax\/wp-content\/uploads\/2023\/10\/shape_1.png\" alt=\"Amra Geb\u00e4udereinigung\" ><\/div><!-- End Image -->\t\t\t\t<\/div>\n\t\t\t\t<\/div>\n\t\t<div class=\"elementor-element elementor-element-005f89e e-con-full wow fadeInLeft e-flex e-con e-child\" data-id=\"005f89e\" data-element_type=\"container\">\n\t\t\t\t<div class=\"elementor-element elementor-element-3d90f79 elementor-widget elementor-widget-poolaximage\" data-id=\"3d90f79\" data-element_type=\"widget\" data-widget_type=\"poolaximage.default\">\n\t\t\t\t<div class=\"elementor-widget-container\">\n\t\t\t\t\t<div class=\"img-box1\"><div class=\"img1\"><img decoding=\"async\" src=\"https:\/\/amra-gebaudereinigung.de\/wp-content\/uploads\/2024\/05\/photo_2024-05-22_11-21-43.jpg\" alt=\"photo_2024 05 22_11 21 43\"  \/><\/div><div class=\"img2 global-img movingX\"><img decoding=\"async\" src=\"https:\/\/amra-gebaudereinigung.de\/wp-content\/uploads\/2024\/05\/photo_2024-05-22_11-21-43.jpg\" alt=\"photo_2024 05 22_11 21 43\"  \/><\/div><div class=\"th-experience jump\"><h3 class=\"experience-year\"><span class=\"counter-number\">3<\/span>+<\/h3><p class=\"experience-text\">Jahre Erfahrung im Reinigungsservice\n\n<\/p><\/div><\/div>\t\t\t\t<\/div>\n\t\t\t\t<\/div>\n\t\t\t\t<\/div>\n\t\t<div class=\"elementor-element elementor-element-cd4707e e-con-full wow fadeInRight e-flex e-con e-child\" data-id=\"cd4707e\" data-element_type=\"container\">\n\t\t\t\t<div class=\"elementor-element elementor-element-68a0a53 elementor-widget elementor-widget-poolaxsectiontitle\" data-id=\"68a0a53\" data-element_type=\"widget\" data-widget_type=\"poolaxsectiontitle.default\">\n\t\t\t\t<div class=\"elementor-widget-container\">\n\t\t\t\t\t\t\t<div class=\"title-area  \">\r\n\t\t\t\t\t\t<span class=\"sub-title style1\">\r\n\t\t\t\t\t\t\t\t\u00dcBER UNS\t\t\t<\/span>\r\n\t\t\t\t\t\t\t\t<\/div>\r\n\r\n\t\t\t\t\t<\/div>\n\t\t\t\t<\/div>\n\t\t\t\t<div class=\"elementor-element elementor-element-df9be0f elementor-widget elementor-widget-poolaxinfobox\" data-id=\"df9be0f\" data-element_type=\"widget\" data-widget_type=\"poolaxinfobox.default\">\n\t\t\t\t<div class=\"elementor-widget-container\">\n\t\t\t\t\t<div><blockquote class=\"about-blockquote\">\r\n    <p>Wir sind ein Geb\u00e4udereinigungsunternehmen \/ Reinigungsunternehmen aus Stuttgart. Wir bieten unseren Kunden in Stuttgart und Umgebung  einschlie\u00dflich ganz Baden-W\u00fcrttemberg und Bayern, einen zuverl\u00e4ssigen, gewissenhaften und auch flexiblen Dienstleister in der Geb\u00e4udereinigung und auch dar\u00fcber hinaus als Dienstleister.\r\n\r\n<\/p>\r\n<\/blockquote>\r\n<\/div><div class=\"btn-group justify-content-start\"><\/div>\t\t\t\t<\/div>\n\t\t\t\t<\/div>\n\t\t\t\t<\/div>\n\t\t\t\t\t<\/div>\n\t\t\t\t<\/div>\n\t\t<div class=\"elementor-element elementor-element-ed45ef3 e-flex e-con-boxed e-con e-parent\" data-id=\"ed45ef3\" data-element_type=\"container\" data-settings=\"{&quot;background_background&quot;:&quot;classic&quot;}\">\n\t\t\t\t\t<div class=\"e-con-inner\">\n\t\t<div class=\"elementor-element elementor-element-b1a0b35 e-con-full e-flex e-con e-child\" data-id=\"b1a0b35\" data-element_type=\"container\">\n\t\t<div class=\"elementor-element elementor-element-e8f7542 e-con-full e-flex e-con e-child\" data-id=\"e8f7542\" data-element_type=\"container\">\n\t\t\t\t<div class=\"elementor-element elementor-element-83486fb elementor-widget elementor-widget-poolaxsectiontitle\" data-id=\"83486fb\" data-element_type=\"widget\" data-widget_type=\"poolaxsectiontitle.default\">\n\t\t\t\t<div class=\"elementor-widget-container\">\n\t\t\t\t\t\t\t<div class=\"title-area text-center text-lg-start\">\r\n\t\t\t\t\t\t<h3 class=\"sec-title\">Amra\u2013 Geb\u00e4udereinigung steht f\u00fcr:<\/h3>\t\t<\/div>\r\n\r\n\t\t\t\t\t<\/div>\n\t\t\t\t<\/div>\n\t\t\t\t<div class=\"elementor-element elementor-element-ee2c123 elementor-widget elementor-widget-html\" data-id=\"ee2c123\" data-element_type=\"widget\" data-widget_type=\"html.default\">\n\t\t\t\t<div class=\"elementor-widget-container\">\n\t\t\t\t\t<div class=\"checklist style4\">\r\n    <ul>\r\n        <li><i class=\"fa-regular fa-arrow-right\"><\/i>\r\n        \r\nEin gro\u00dfes und umfangreiches Leistungsspektrum\r\n        \r\n        <\/li>\r\n                <li><i class=\"fa-regular fa-arrow-right\"><\/i>\r\n        \r\nEine an Ihre Bed\u00fcrfnisse und Anforderungen angepasste Leistung\r\n        \r\n        <\/li>\r\n                <li><i class=\"fa-regular fa-arrow-right\"><\/i>\r\n        \r\nDie fachgerechte und sorgsame Behandlung von Boden, Mobiliar und Fassade\r\n        \r\n        <\/li>\r\n                <li><i class=\"fa-regular fa-arrow-right\"><\/i>\r\n        \r\nDie Verwendung gesundheits- und umweltvertr\u00e4glicher Reinigungsmittel\r\n        \r\n        <\/li>\r\n                <li><i class=\"fa-regular fa-arrow-right\"><\/i>\r\n        \r\nQualifiziertes, zuverl\u00e4ssiges und freundliches Personal\r\n        \r\n        <\/li>\r\n                <li><i class=\"fa-regular fa-arrow-right\"><\/i>\r\n        \r\nUmfangreiche Eigenkontrolle der Reinigungsarbeiten\r\n        \r\n        <\/li>\r\n                <li><i class=\"fa-regular fa-arrow-right\"><\/i>\r\n        \r\nDie rasche Bearbeitung von Reklamationen\r\n        \r\n        <\/li>\r\n                <li><i class=\"fa-regular fa-arrow-right\"><\/i>\r\nEin gerechtes  und preisg\u00fcnstiges Angebotsverh\u00e4ltnis\r\n\r\n        Brushing and Vacuuming\r\n        \r\n        <\/li>\r\n              \r\n    <\/ul>\r\n<\/div>\t\t\t\t<\/div>\n\t\t\t\t<\/div>\n\t\t\t\t<\/div>\n\t\t<div class=\"elementor-element elementor-element-c068840 e-con-full e-flex e-con e-child\" data-id=\"c068840\" data-element_type=\"container\">\n\t\t\t\t<div class=\"elementor-element elementor-element-8997bf4 elementor-widget elementor-widget-poolaximage\" data-id=\"8997bf4\" data-element_type=\"widget\" data-widget_type=\"poolaximage.default\">\n\t\t\t\t<div class=\"elementor-widget-container\">\n\t\t\t\t\t<div class=\"img-box4\"><div class=\"img1\"><img decoding=\"async\" src=\"https:\/\/amra-gebaudereinigung.de\/wp-content\/uploads\/2024\/02\/concept-for-home-cleaning-services-2023-11-27-04-59-11-utc-1-1-e1708447585681.jpg\" alt=\"concept for home cleaning services 2023 11 27 04 59 11 utc 1 1 e1708447585681\"  \/><\/div><div class=\"img2\"><img decoding=\"async\" src=\"https:\/\/amra-gebaudereinigung.de\/wp-content\/uploads\/2023\/10\/image-2-1.jpg\" alt=\"image 2 1\"  \/><\/div><\/div>\t\t\t\t<\/div>\n\t\t\t\t<\/div>\n\t\t\t\t<\/div>\n\t\t\t\t<\/div>\n\t\t\t\t\t<\/div>\n\t\t\t\t<\/div>\n\t\t\t\t<\/div>\n\t\t","protected":false},"excerpt":{"rendered":"<p>3+ Jahre Erfahrung im Reinigungsservice \u00dcBER UNS Wir sind ein Geb\u00e4udereinigungsunternehmen \/ Reinigungsunternehmen aus Stuttgart. Wir bieten unseren Kunden in Stuttgart und Umgebung einschlie\u00dflich ganz Baden-W\u00fcrttemberg und Bayern, einen zuverl\u00e4ssigen, gewissenhaften und auch flexiblen Dienstleister in der Geb\u00e4udereinigung und auch dar\u00fcber hinaus als Dienstleister. Amra\u2013 Geb\u00e4udereinigung steht f\u00fcr: Ein gro\u00dfes und umfangreiches Leistungsspektrum Eine an&#8230;<\/p>\n","protected":false},"author":1,"featured_media":0,"parent":0,"menu_order":0,"comment_status":"closed","ping_status":"closed","template":"template-builder.php","meta":{"footnotes":""},"class_list":["post-23","page","type-page","status-publish","hentry"],"_links":{"self":[{"href":"https:\/\/amra-gebaudereinigung.de\/index.php?rest_route=\/wp\/v2\/pages\/23","targetHints":{"allow":["GET"]}}],"collection":[{"href":"https:\/\/amra-gebaudereinigung.de\/index.php?rest_route=\/wp\/v2\/pages"}],"about":[{"href":"https:\/\/amra-gebaudereinigung.de\/index.php?rest_route=\/wp\/v2\/types\/page"}],"author":[{"embeddable":true,"href":"https:\/\/amra-gebaudereinigung.de\/index.php?rest_route=\/wp\/v2\/users\/1"}],"replies":[{"embeddable":true,"href":"https:\/\/amra-gebaudereinigung.de\/index.php?rest_route=%2Fwp%2Fv2%2Fcomments&post=23"}],"version-history":[{"count":26,"href":"https:\/\/amra-gebaudereinigung.de\/index.php?rest_route=\/wp\/v2\/pages\/23\/revisions"}],"predecessor-version":[{"id":2877,"href":"https:\/\/amra-gebaudereinigung.de\/index.php?rest_route=\/wp\/v2\/pages\/23\/revisions\/2877"}],"wp:attachment":[{"href":"https:\/\/amra-gebaudereinigung.de\/index.php?rest_route=%2Fwp%2Fv2%2Fmedia&parent=23"}],"curies":[{"name":"wp","href":"https:\/\/api.w.org\/{rel}","templated":true}]}}