{"id":29,"date":"2023-10-02T01:53:07","date_gmt":"2023-10-02T01:53:07","guid":{"rendered":"https:\/\/themeholy.com\/wordpress\/poolax\/?page_id=29"},"modified":"2024-10-20T21:55:48","modified_gmt":"2024-10-20T21:55:48","slug":"kontakt","status":"publish","type":"page","link":"https:\/\/amra-gebaudereinigung.de\/?page_id=29","title":{"rendered":"Kontakt"},"content":{"rendered":"\t\t<div data-elementor-type=\"wp-page\" data-elementor-id=\"29\" class=\"elementor elementor-29\">\n\t\t\t\t<div class=\"elementor-element elementor-element-32134c4 e-flex e-con-boxed e-con e-parent\" data-id=\"32134c4\" data-element_type=\"container\" data-settings=\"{&quot;background_background&quot;:&quot;classic&quot;}\">\n\t\t\t\t\t<div class=\"e-con-inner\">\n\t\t<div class=\"elementor-element elementor-element-e44a193 e-con-full wow fadeInUp e-flex e-con e-child\" data-id=\"e44a193\" data-element_type=\"container\">\n\t\t\r\n\t\t<div class=\"elementor-element elementor-element-c6c9286 elementor-widget elementor-widget-poolaxsectiontitle\" data-id=\"c6c9286\" data-element_type=\"widget\" data-widget_type=\"poolaxsectiontitle.default\">\n\t\t\t\t<div class=\"elementor-widget-container\">\n\t\t\t\t\t\t\t<div class=\"title-area  \">\r\n\t\t\t\t\t\t<h2 class=\"sec-title\">Kontaktinformationen<\/h2><p class=\"mb-0\">Bester Reinigung Service\nWir beraten Sie gerne vor Ort und erstellen Ihnen ein unverbindliches Angebot.\nNehmen Sie noch heute Kontakt zu uns auf!<\/p>\t\t<\/div>\r\n\r\n\t\t\t\t\t<\/div>\n\t\t\t\t<\/div>\n\t\t\t\t<div class=\"elementor-element elementor-element-a458df4 elementor-widget elementor-widget-poolaxcontactinfo\" data-id=\"a458df4\" data-element_type=\"widget\" data-widget_type=\"poolaxcontactinfo.default\">\n\t\t\t\t<div class=\"elementor-widget-container\">\n\t\t\t\t\t<div class=\"contact-info-wrap\"><div class=\"contact-info\"><div class=\"contact-info_icon\"><i class=\"fa-light fa-location-dot\"><\/i><\/div><div class=\"media-body\"><h3 class=\"box-title label\">Unsere Adresse<\/h3><span class=\"contact-info_text th-info\">Gold\u00e4ckerstra\u00dfe 22,73257 k\u00f6ngen<\/span><\/div><\/div><div class=\"contact-info\"><div class=\"contact-info_icon\"><i class=\"fa-light fa-phone\"><\/i><\/div><div class=\"media-body\"><h3 class=\"box-title label\">Telefonnummer<\/h3><span class=\"contact-info_text\"><a href=\"tel:070222054273\" class=\"text-inherit th-info\">070222054273<\/a><a href=\"tel:\" class=\"text-inherit th-info\"><\/a><\/span><\/div><\/div><div class=\"contact-info\"><div class=\"contact-info_icon\"><i class=\"fa-light fa-envelope\"><\/i><\/div><div class=\"media-body\"><h3 class=\"box-title label\">E-Mail-Adresse<\/h3><span class=\"contact-info_text\"><a href=\"mailto:kontakt@amragebaudereinigung.de\" class=\"th-info\">kontakt@amra-gebaudereinigung.de<\/a><a href=\"mailto:\" class=\"th-info\"><\/a><\/span><\/div><\/div><div class=\"contact-info\"><div class=\"contact-info_icon\"><i class=\"fa-light fa-clock\"><\/i><\/div><div class=\"media-body\"><h3 class=\"box-title label\">Arbeitszeit<\/h3><span class=\"contact-info_text th-info\">Montag bis Samstag: 08:00-16:00, Samstag und Sonntag geschlossen.<\/span><\/div><\/div><\/div>\t\t\t\t<\/div>\n\t\t\t\t<\/div>\n\t\t\t\t<\/div>\n\t\t<div class=\"elementor-element elementor-element-6c6eaad e-con-full e-flex e-con e-child\" data-id=\"6c6eaad\" data-element_type=\"container\">\n\t\t\t\t<div class=\"elementor-element elementor-element-de0104b elementor-widget elementor-widget-poolaxcontactform\" data-id=\"de0104b\" data-element_type=\"widget\" data-widget_type=\"poolaxcontactform.default\">\n\t\t\t\t<div class=\"elementor-widget-container\">\n\t\t\t\t\t<div class=\"appointment-form style2\"><h3 class=\"form-title th-title text-center\">Kontakt<\/h3>\n<div class=\"wpcf7 no-js\" id=\"wpcf7-f1523-o1\" lang=\"en-US\" dir=\"ltr\" data-wpcf7-id=\"1523\">\n<div class=\"screen-reader-response\"><p role=\"status\" aria-live=\"polite\" aria-atomic=\"true\"><\/p> <ul><\/ul><\/div>\n<form action=\"\/index.php?rest_route=%2Fwp%2Fv2%2Fpages%2F29#wpcf7-f1523-o1\" method=\"post\" class=\"wpcf7-form init\" aria-label=\"Contact form\" novalidate=\"novalidate\" data-status=\"init\">\n<div style=\"display: none;\">\n<input type=\"hidden\" name=\"_wpcf7\" value=\"1523\" \/>\n<input type=\"hidden\" name=\"_wpcf7_version\" value=\"6.0.6\" \/>\n<input type=\"hidden\" name=\"_wpcf7_locale\" value=\"en_US\" \/>\n<input type=\"hidden\" name=\"_wpcf7_unit_tag\" value=\"wpcf7-f1523-o1\" \/>\n<input type=\"hidden\" name=\"_wpcf7_container_post\" value=\"0\" \/>\n<input type=\"hidden\" name=\"_wpcf7_posted_data_hash\" value=\"\" \/>\n<\/div>\n<div class=\"row\">\n    <div class=\"form-group col-12\">\n        <i class=\"fa-sharp fa-light fa-user\"><\/i>\n<span class=\"wpcf7-form-control-wrap\" data-name=\"text-650\"><input size=\"40\" maxlength=\"400\" class=\"wpcf7-form-control wpcf7-text wpcf7-validates-as-required form-control\" aria-required=\"true\" aria-invalid=\"false\" placeholder=\"Name\" value=\"\" type=\"text\" name=\"text-650\" \/><\/span>\n    <\/div>\n    <div class=\"form-group col-12\">\n        <i class=\"fa-sharp fa-regular fa-envelope\"><\/i>\n<span class=\"wpcf7-form-control-wrap\" data-name=\"email-950\"><input size=\"40\" maxlength=\"400\" class=\"wpcf7-form-control wpcf7-email wpcf7-validates-as-required wpcf7-text wpcf7-validates-as-email form-control\" aria-required=\"true\" aria-invalid=\"false\" placeholder=\"Ihre E-Mail\" value=\"\" type=\"email\" name=\"email-950\" \/><\/span>\n    <\/div>\n    <div class=\"form-group col-12\">\n<span class=\"wpcf7-form-control-wrap\" data-name=\"number-290\"><input class=\"wpcf7-form-control wpcf7-number wpcf7-validates-as-required wpcf7-validates-as-number form-control\" aria-required=\"true\" aria-invalid=\"false\" placeholder=\"Telefonnummer\" value=\"\" type=\"number\" name=\"number-290\" \/><\/span>\n        <i class=\"fal fa-phone\"><\/i>\n    <\/div>\n    <div class=\"form-group col-12\">\n<span class=\"wpcf7-form-control-wrap\" data-name=\"menu-720\"><select class=\"wpcf7-form-control wpcf7-select form-select nice-select\" aria-invalid=\"false\" name=\"menu-720\"><option value=\"w\u00e4hlen Sie einen Service\">w\u00e4hlen Sie einen Service<\/option><option value=\"Glasreinigung\">Glasreinigung<\/option><option value=\"B\u00fcro-\/Praxisreinigung\">B\u00fcro-\/Praxisreinigung<\/option><option value=\"Grundreinigung\">Grundreinigung<\/option><option value=\"Winterdienst\">Winterdienst<\/option><option value=\"Abbruch\">Abbruch<\/option><option value=\"Baureinigung\">Baureinigung<\/option><option value=\"Schulreinigung\">Schulreinigung<\/option><option value=\"Haushaltsreinigung\">Haushaltsreinigung<\/option><option value=\"Teppichreinigung\">Teppichreinigung<\/option><\/select><\/span>\n    <\/div>\n    <div class=\"form-group col-12\">\n        <i class=\"fal fa-comment\"><\/i>\n<span class=\"wpcf7-form-control-wrap\" data-name=\"textarea-850\"><textarea cols=\"40\" rows=\"10\" maxlength=\"2000\" class=\"wpcf7-form-control wpcf7-textarea wpcf7-validates-as-required form-control\" id=\"message\" aria-required=\"true\" aria-invalid=\"false\" placeholder=\"Nachricht\" name=\"textarea-850\"><\/textarea><\/span>\n    <\/div>\n    <div class=\"form-group col-12\">\n<span class=\"wpcf7-form-control-wrap\" data-name=\"acceptance\"><span class=\"wpcf7-form-control wpcf7-acceptance\"><span class=\"wpcf7-list-item\"><label><input type=\"checkbox\" name=\"acceptance\" value=\"1\" class=\"acceptance\" aria-invalid=\"false\" \/><span class=\"wpcf7-list-item-label\">Hiermit akzeptiere ich die Datenschutzrichtlinien und bin damit einverstanden, dass die von mir angegebenen Daten elektronisch erhoben und gespeichert werden. Meine Daten werden dabei zweckgebunden zur Bearbeitung und Beantwortung meiner Anfrage benutzt. Mit dem Absenden des Kontaktformulars erkl\u00e4re ich mich mit der Verarbeitung einverstanden.<\/span><\/label><\/span><\/span><\/span>\n    <\/div>\n\n    <div class=\"form-btn col-12\">\n        <button class=\"th-btn fw-btn wpcf7\">Nachrichten jetzt senden<\/button>\n    <\/div>\n<\/div>\n<p class=\"form-messages mb-0 mt-3\"><\/p><input type=\"hidden\" id=\"ct_checkjs_cf7_5ec91aac30eae62f4140325d09b9afd0\" name=\"ct_checkjs_cf7\" value=\"0\" \/><script >setTimeout(function(){var ct_input_name = \"ct_checkjs_cf7_5ec91aac30eae62f4140325d09b9afd0\";if (document.getElementById(ct_input_name) !== null) {var ct_input_value = document.getElementById(ct_input_name).value;document.getElementById(ct_input_name).value = document.getElementById(ct_input_name).value.replace(ct_input_value, '056052349d3ff6ec7fe4dd833e23fd771b16b080dcb018cb33d056a428a3e9cd');}}, 1000);<\/script><input\n                    class=\"apbct_special_field apbct_email_id__wp_contact_form_7\"\n                    name=\"apbct__email_id__wp_contact_form_7\"\n                    aria-label=\"apbct__label_id__wp_contact_form_7\"\n                    type=\"text\" size=\"30\" maxlength=\"200\" autocomplete=\"off\"\n                    value=\"\"\n                \/><div class=\"wpcf7-response-output\" aria-hidden=\"true\"><\/div>\n<input\n                    class=\"apbct_special_field apbct_email_id__elementor_form\"\n                    name=\"apbct__email_id__elementor_form\"\n                    aria-label=\"apbct__label_id__elementor_form\"\n                    type=\"text\" size=\"30\" maxlength=\"200\" autocomplete=\"off\"\n                    value=\"\"\n                \/><\/form>\n<\/div>\n<\/div>\t\t\t\t<\/div>\n\t\t\t\t<\/div>\n\t\t\t\t<\/div>\n\t\t\t\t\t<\/div>\n\t\t\t\t<\/div>\n\t\t\t\t<\/div>\n\t\t","protected":false},"excerpt":{"rendered":"<p>Kontaktinformationen Bester Reinigung Service Wir beraten Sie gerne vor Ort und erstellen Ihnen ein unverbindliches Angebot. Nehmen Sie noch heute Kontakt zu uns auf! Unsere Adresse Gold\u00e4ckerstra\u00dfe 22,73257 k\u00f6ngen Telefonnummer 070222054273 E-Mail-Adresse kontakt@amra-gebaudereinigung.de Arbeitszeit Montag bis Samstag: 08:00-16:00, Samstag und Sonntag geschlossen. Kontakt w\u00e4hlen Sie einen ServiceGlasreinigungB\u00fcro-\/PraxisreinigungGrundreinigungWinterdienstAbbruchBaureinigungSchulreinigungHaushaltsreinigungTeppichreinigung Nachrichten jetzt senden<\/p>\n","protected":false},"author":1,"featured_media":0,"parent":0,"menu_order":0,"comment_status":"closed","ping_status":"closed","template":"template-builder.php","meta":{"footnotes":""},"class_list":["post-29","page","type-page","status-publish","hentry"],"_links":{"self":[{"href":"https:\/\/amra-gebaudereinigung.de\/index.php?rest_route=\/wp\/v2\/pages\/29","targetHints":{"allow":["GET"]}}],"collection":[{"href":"https:\/\/amra-gebaudereinigung.de\/index.php?rest_route=\/wp\/v2\/pages"}],"about":[{"href":"https:\/\/amra-gebaudereinigung.de\/index.php?rest_route=\/wp\/v2\/types\/page"}],"author":[{"embeddable":true,"href":"https:\/\/amra-gebaudereinigung.de\/index.php?rest_route=\/wp\/v2\/users\/1"}],"replies":[{"embeddable":true,"href":"https:\/\/amra-gebaudereinigung.de\/index.php?rest_route=%2Fwp%2Fv2%2Fcomments&post=29"}],"version-history":[{"count":10,"href":"https:\/\/amra-gebaudereinigung.de\/index.php?rest_route=\/wp\/v2\/pages\/29\/revisions"}],"predecessor-version":[{"id":2917,"href":"https:\/\/amra-gebaudereinigung.de\/index.php?rest_route=\/wp\/v2\/pages\/29\/revisions\/2917"}],"wp:attachment":[{"href":"https:\/\/amra-gebaudereinigung.de\/index.php?rest_route=%2Fwp%2Fv2%2Fmedia&parent=29"}],"curies":[{"name":"wp","href":"https:\/\/api.w.org\/{rel}","templated":true}]}}